{"id":2651,"date":"2019-11-04T17:36:54","date_gmt":"2019-11-04T17:36:54","guid":{"rendered":"https:\/\/www.ifh.cv\/?page_id=2651"},"modified":"2019-11-13T10:20:30","modified_gmt":"2019-11-13T10:20:30","slug":"apartamentos","status":"publish","type":"page","link":"https:\/\/www.ifh.cv\/?page_id=2651","title":{"rendered":"Apartamentos"},"content":{"rendered":"\t\t<div data-elementor-type=\"wp-page\" data-elementor-id=\"2651\" class=\"elementor elementor-2651\">\n\t\t\t\t\t\t<section class=\"elementor-section elementor-top-section elementor-element elementor-element-93a1546 elementor-section-boxed elementor-section-height-default elementor-section-height-default\" data-id=\"93a1546\" data-element_type=\"section\" data-settings=\"{&quot;jet_parallax_layout_list&quot;:[]}\">\n\t\t\t\t\t\t<div class=\"elementor-container elementor-column-gap-default\">\n\t\t\t\t\t<div class=\"elementor-column elementor-col-100 elementor-top-column elementor-element elementor-element-61f4054\" data-id=\"61f4054\" data-element_type=\"column\">\n\t\t\t<div class=\"elementor-widget-wrap elementor-element-populated\">\n\t\t\t\t\t\t<div class=\"elementor-element elementor-element-733f370 elementor-widget elementor-widget-heading\" data-id=\"733f370\" data-element_type=\"widget\" data-widget_type=\"heading.default\">\n\t\t\t\t<div class=\"elementor-widget-container\">\n\t\t\t<h2 class=\"elementor-heading-title elementor-size-default\">Apartamentos<\/h2>\t\t<\/div>\n\t\t\t\t<\/div>\n\t\t\t\t<div class=\"elementor-element elementor-element-021e362 elementor-grid-3 elementor-grid-tablet-2 elementor-grid-mobile-1 elementor-posts--thumbnail-top elementor-card-shadow-yes elementor-posts__hover-gradient elementor-widget elementor-widget-posts\" data-id=\"021e362\" data-element_type=\"widget\" data-settings=\"{&quot;pagination_type&quot;:&quot;prev_next&quot;,&quot;cards_columns&quot;:&quot;3&quot;,&quot;cards_columns_tablet&quot;:&quot;2&quot;,&quot;cards_columns_mobile&quot;:&quot;1&quot;,&quot;cards_row_gap&quot;:{&quot;unit&quot;:&quot;px&quot;,&quot;size&quot;:35,&quot;sizes&quot;:[]},&quot;cards_row_gap_tablet&quot;:{&quot;unit&quot;:&quot;px&quot;,&quot;size&quot;:&quot;&quot;,&quot;sizes&quot;:[]},&quot;cards_row_gap_mobile&quot;:{&quot;unit&quot;:&quot;px&quot;,&quot;size&quot;:&quot;&quot;,&quot;sizes&quot;:[]}}\" data-widget_type=\"posts.cards\">\n\t\t\t\t<div class=\"elementor-widget-container\">\n\t\t\t\t\t<div class=\"elementor-posts-container elementor-posts elementor-posts--skin-cards elementor-grid\">\n\t\t\t\t<article class=\"elementor-post elementor-grid-item post-9734 empreendimentos type-empreendimentos status-publish has-post-thumbnail hentry categorias-apartamentos\">\n\t\t\t<div class=\"elementor-post__card\">\n\t\t\t\t<a class=\"elementor-post__thumbnail__link\" href=\"https:\/\/www.ifh.cv\/?empreendimentos=habitacoes-na-urbanizacao-quinta-de-santanna\" ><div class=\"elementor-post__thumbnail\"><img fetchpriority=\"high\" decoding=\"async\" width=\"300\" height=\"169\" src=\"https:\/\/www.ifh.cv\/wp-content\/uploads\/2024\/01\/03a-300x169.jpg\" class=\"attachment-medium size-medium wp-image-9765\" alt=\"\" srcset=\"https:\/\/www.ifh.cv\/wp-content\/uploads\/2024\/01\/03a-300x169.jpg 300w, https:\/\/www.ifh.cv\/wp-content\/uploads\/2024\/01\/03a-1024x576.jpg 1024w, https:\/\/www.ifh.cv\/wp-content\/uploads\/2024\/01\/03a-768x432.jpg 768w, https:\/\/www.ifh.cv\/wp-content\/uploads\/2024\/01\/03a-1536x864.jpg 1536w, https:\/\/www.ifh.cv\/wp-content\/uploads\/2024\/01\/03a.jpg 1920w\" sizes=\"(max-width: 300px) 100vw, 300px\" \/><\/div><\/a>\n\t\t\t\t<div class=\"elementor-post__text\">\n\t\t\t\t<h3 class=\"elementor-post__title\">\n\t\t\t<a href=\"https:\/\/www.ifh.cv\/?empreendimentos=habitacoes-na-urbanizacao-quinta-de-santanna\" >\n\t\t\t\tHabita\u00e7\u00f5es para venda a jovens na urbaniza\u00e7\u00e3o Quinta de Sant&#8217;Anna\t\t\t<\/a>\n\t\t<\/h3>\n\t\t\t\t<\/div>\n\t\t\t\t\t<\/div>\n\t\t<\/article>\n\t\t\t\t<article class=\"elementor-post elementor-grid-item post-10275 empreendimentos type-empreendimentos status-publish has-post-thumbnail hentry categorias-apartamentos\">\n\t\t\t<div class=\"elementor-post__card\">\n\t\t\t\t<a class=\"elementor-post__thumbnail__link\" href=\"https:\/\/www.ifh.cv\/?empreendimentos=vila-jardins-de-hortela\" ><div class=\"elementor-post__thumbnail\"><img decoding=\"async\" width=\"300\" height=\"224\" src=\"https:\/\/www.ifh.cv\/wp-content\/uploads\/2024\/01\/1-300x224.jpg\" class=\"attachment-medium size-medium wp-image-11541\" alt=\"\" srcset=\"https:\/\/www.ifh.cv\/wp-content\/uploads\/2024\/01\/1-300x224.jpg 300w, https:\/\/www.ifh.cv\/wp-content\/uploads\/2024\/01\/1-1024x764.jpg 1024w, https:\/\/www.ifh.cv\/wp-content\/uploads\/2024\/01\/1-768x573.jpg 768w, https:\/\/www.ifh.cv\/wp-content\/uploads\/2024\/01\/1-1536x1146.jpg 1536w, https:\/\/www.ifh.cv\/wp-content\/uploads\/2024\/01\/1-2048x1528.jpg 2048w\" sizes=\"(max-width: 300px) 100vw, 300px\" \/><\/div><\/a>\n\t\t\t\t<div class=\"elementor-post__text\">\n\t\t\t\t<h3 class=\"elementor-post__title\">\n\t\t\t<a href=\"https:\/\/www.ifh.cv\/?empreendimentos=vila-jardins-de-hortela\" >\n\t\t\t\tVila Jardins de Hortel\u00e3\t\t\t<\/a>\n\t\t<\/h3>\n\t\t\t\t<\/div>\n\t\t\t\t\t<\/div>\n\t\t<\/article>\n\t\t\t\t<article class=\"elementor-post elementor-grid-item post-6647 empreendimentos type-empreendimentos status-publish has-post-thumbnail hentry categorias-apartamentos\">\n\t\t\t<div class=\"elementor-post__card\">\n\t\t\t\t<a class=\"elementor-post__thumbnail__link\" href=\"https:\/\/www.ifh.cv\/?empreendimentos=condominio-tetris\" ><div class=\"elementor-post__thumbnail\"><img decoding=\"async\" width=\"300\" height=\"225\" src=\"https:\/\/www.ifh.cv\/wp-content\/uploads\/2023\/11\/356201230_588951320091449_7249678634041512893_n-1-300x225.jpg\" class=\"attachment-medium size-medium wp-image-6669\" alt=\"\" srcset=\"https:\/\/www.ifh.cv\/wp-content\/uploads\/2023\/11\/356201230_588951320091449_7249678634041512893_n-1-300x225.jpg 300w, https:\/\/www.ifh.cv\/wp-content\/uploads\/2023\/11\/356201230_588951320091449_7249678634041512893_n-1-768x576.jpg 768w, https:\/\/www.ifh.cv\/wp-content\/uploads\/2023\/11\/356201230_588951320091449_7249678634041512893_n-1.jpg 960w\" sizes=\"(max-width: 300px) 100vw, 300px\" \/><\/div><\/a>\n\t\t\t\t<div class=\"elementor-post__text\">\n\t\t\t\t<h3 class=\"elementor-post__title\">\n\t\t\t<a href=\"https:\/\/www.ifh.cv\/?empreendimentos=condominio-tetris\" >\n\t\t\t\tCondom\u00ednio Tetris\t\t\t<\/a>\n\t\t<\/h3>\n\t\t\t\t<\/div>\n\t\t\t\t\t<\/div>\n\t\t<\/article>\n\t\t\t\t<article class=\"elementor-post elementor-grid-item post-2394 empreendimentos type-empreendimentos status-publish has-post-thumbnail hentry locais-sal estado-venda categorias-apartamentos\">\n\t\t\t<div class=\"elementor-post__card\">\n\t\t\t\t<a class=\"elementor-post__thumbnail__link\" href=\"https:\/\/www.ifh.cv\/?empreendimentos=condominio-novo-encanto\" ><div class=\"elementor-post__thumbnail\"><img loading=\"lazy\" decoding=\"async\" width=\"300\" height=\"169\" src=\"https:\/\/www.ifh.cv\/wp-content\/uploads\/2019\/12\/IMG_20150216_094548-300x169.jpg\" class=\"attachment-medium size-medium wp-image-5429\" alt=\"\" srcset=\"https:\/\/www.ifh.cv\/wp-content\/uploads\/2019\/12\/IMG_20150216_094548-300x169.jpg 300w, https:\/\/www.ifh.cv\/wp-content\/uploads\/2019\/12\/IMG_20150216_094548-1024x576.jpg 1024w, https:\/\/www.ifh.cv\/wp-content\/uploads\/2019\/12\/IMG_20150216_094548-768x432.jpg 768w, https:\/\/www.ifh.cv\/wp-content\/uploads\/2019\/12\/IMG_20150216_094548-1536x864.jpg 1536w, https:\/\/www.ifh.cv\/wp-content\/uploads\/2019\/12\/IMG_20150216_094548-2048x1152.jpg 2048w\" sizes=\"(max-width: 300px) 100vw, 300px\" \/><\/div><\/a>\n\t\t\t\t<div class=\"elementor-post__text\">\n\t\t\t\t<h3 class=\"elementor-post__title\">\n\t\t\t<a href=\"https:\/\/www.ifh.cv\/?empreendimentos=condominio-novo-encanto\" >\n\t\t\t\tCondom\u00ednio Novo Encanto\t\t\t<\/a>\n\t\t<\/h3>\n\t\t\t\t<\/div>\n\t\t\t\t\t<\/div>\n\t\t<\/article>\n\t\t\t\t<article class=\"elementor-post elementor-grid-item post-2393 empreendimentos type-empreendimentos status-publish has-post-thumbnail hentry locais-boa-vista estado-venda categorias-apartamentos\">\n\t\t\t<div class=\"elementor-post__card\">\n\t\t\t\t<a class=\"elementor-post__thumbnail__link\" href=\"https:\/\/www.ifh.cv\/?empreendimentos=condominio-salinas\" ><div class=\"elementor-post__thumbnail\"><img loading=\"lazy\" decoding=\"async\" width=\"300\" height=\"200\" src=\"https:\/\/www.ifh.cv\/wp-content\/uploads\/2019\/09\/March-02-2020-IFH-Boavista-56-300x200.jpg\" class=\"attachment-medium size-medium wp-image-4026\" alt=\"\" srcset=\"https:\/\/www.ifh.cv\/wp-content\/uploads\/2019\/09\/March-02-2020-IFH-Boavista-56-300x200.jpg 300w, https:\/\/www.ifh.cv\/wp-content\/uploads\/2019\/09\/March-02-2020-IFH-Boavista-56-1024x683.jpg 1024w, https:\/\/www.ifh.cv\/wp-content\/uploads\/2019\/09\/March-02-2020-IFH-Boavista-56-768x512.jpg 768w, https:\/\/www.ifh.cv\/wp-content\/uploads\/2019\/09\/March-02-2020-IFH-Boavista-56-1536x1024.jpg 1536w, https:\/\/www.ifh.cv\/wp-content\/uploads\/2019\/09\/March-02-2020-IFH-Boavista-56-2048x1365.jpg 2048w\" sizes=\"(max-width: 300px) 100vw, 300px\" \/><\/div><\/a>\n\t\t\t\t<div class=\"elementor-post__text\">\n\t\t\t\t<h3 class=\"elementor-post__title\">\n\t\t\t<a href=\"https:\/\/www.ifh.cv\/?empreendimentos=condominio-salinas\" >\n\t\t\t\tCondom\u00ednio Salinas\t\t\t<\/a>\n\t\t<\/h3>\n\t\t\t\t<\/div>\n\t\t\t\t\t<\/div>\n\t\t<\/article>\n\t\t\t\t<article class=\"elementor-post elementor-grid-item post-2526 empreendimentos type-empreendimentos status-publish has-post-thumbnail hentry locais-sal estado-venda categorias-apartamentos\">\n\t\t\t<div class=\"elementor-post__card\">\n\t\t\t\t<a class=\"elementor-post__thumbnail__link\" href=\"https:\/\/www.ifh.cv\/?empreendimentos=condominio-coral\" ><div class=\"elementor-post__thumbnail\"><img loading=\"lazy\" decoding=\"async\" width=\"300\" height=\"200\" src=\"https:\/\/www.ifh.cv\/wp-content\/uploads\/2019\/11\/Sal-66-300x200.jpg\" class=\"attachment-medium size-medium wp-image-4016\" alt=\"\" srcset=\"https:\/\/www.ifh.cv\/wp-content\/uploads\/2019\/11\/Sal-66-300x200.jpg 300w, https:\/\/www.ifh.cv\/wp-content\/uploads\/2019\/11\/Sal-66-1024x683.jpg 1024w, https:\/\/www.ifh.cv\/wp-content\/uploads\/2019\/11\/Sal-66-768x512.jpg 768w, https:\/\/www.ifh.cv\/wp-content\/uploads\/2019\/11\/Sal-66-1536x1024.jpg 1536w, https:\/\/www.ifh.cv\/wp-content\/uploads\/2019\/11\/Sal-66-2048x1365.jpg 2048w\" sizes=\"(max-width: 300px) 100vw, 300px\" \/><\/div><\/a>\n\t\t\t\t<div class=\"elementor-post__text\">\n\t\t\t\t<h3 class=\"elementor-post__title\">\n\t\t\t<a href=\"https:\/\/www.ifh.cv\/?empreendimentos=condominio-coral\" >\n\t\t\t\tCondom\u00ednio Coral\t\t\t<\/a>\n\t\t<\/h3>\n\t\t\t\t<\/div>\n\t\t\t\t\t<\/div>\n\t\t<\/article>\n\t\t\t\t<article class=\"elementor-post elementor-grid-item post-2634 empreendimentos type-empreendimentos status-publish has-post-thumbnail hentry locais-sao-vicente categorias-apartamentos\">\n\t\t\t<div class=\"elementor-post__card\">\n\t\t\t\t<a class=\"elementor-post__thumbnail__link\" href=\"https:\/\/www.ifh.cv\/?empreendimentos=vila-monte\" ><div class=\"elementor-post__thumbnail\"><img loading=\"lazy\" decoding=\"async\" width=\"300\" height=\"169\" src=\"https:\/\/www.ifh.cv\/wp-content\/uploads\/2019\/11\/IFH-VILA-Monte-15-300x169.jpg\" class=\"attachment-medium size-medium wp-image-4660\" alt=\"\" srcset=\"https:\/\/www.ifh.cv\/wp-content\/uploads\/2019\/11\/IFH-VILA-Monte-15-300x169.jpg 300w, https:\/\/www.ifh.cv\/wp-content\/uploads\/2019\/11\/IFH-VILA-Monte-15-1024x576.jpg 1024w, https:\/\/www.ifh.cv\/wp-content\/uploads\/2019\/11\/IFH-VILA-Monte-15-768x432.jpg 768w, https:\/\/www.ifh.cv\/wp-content\/uploads\/2019\/11\/IFH-VILA-Monte-15-1536x864.jpg 1536w, https:\/\/www.ifh.cv\/wp-content\/uploads\/2019\/11\/IFH-VILA-Monte-15.jpg 1920w\" sizes=\"(max-width: 300px) 100vw, 300px\" \/><\/div><\/a>\n\t\t\t\t<div class=\"elementor-post__text\">\n\t\t\t\t<h3 class=\"elementor-post__title\">\n\t\t\t<a href=\"https:\/\/www.ifh.cv\/?empreendimentos=vila-monte\" >\n\t\t\t\tVila Monte\t\t\t<\/a>\n\t\t<\/h3>\n\t\t\t\t<\/div>\n\t\t\t\t\t<\/div>\n\t\t<\/article>\n\t\t\t\t<article class=\"elementor-post elementor-grid-item post-2605 empreendimentos type-empreendimentos status-publish has-post-thumbnail hentry locais-santiago categorias-apartamentos\">\n\t\t\t<div class=\"elementor-post__card\">\n\t\t\t\t<a class=\"elementor-post__thumbnail__link\" href=\"https:\/\/www.ifh.cv\/?empreendimentos=vila-acacia\" ><div class=\"elementor-post__thumbnail\"><img loading=\"lazy\" decoding=\"async\" width=\"300\" height=\"150\" src=\"https:\/\/www.ifh.cv\/wp-content\/uploads\/2019\/11\/Praia-7.2-1-300x150.jpg\" class=\"attachment-medium size-medium wp-image-5446\" alt=\"\" srcset=\"https:\/\/www.ifh.cv\/wp-content\/uploads\/2019\/11\/Praia-7.2-1-300x150.jpg 300w, https:\/\/www.ifh.cv\/wp-content\/uploads\/2019\/11\/Praia-7.2-1-1024x513.jpg 1024w, https:\/\/www.ifh.cv\/wp-content\/uploads\/2019\/11\/Praia-7.2-1-768x385.jpg 768w, https:\/\/www.ifh.cv\/wp-content\/uploads\/2019\/11\/Praia-7.2-1-1536x770.jpg 1536w, https:\/\/www.ifh.cv\/wp-content\/uploads\/2019\/11\/Praia-7.2-1.jpg 2000w\" sizes=\"(max-width: 300px) 100vw, 300px\" \/><\/div><\/a>\n\t\t\t\t<div class=\"elementor-post__text\">\n\t\t\t\t<h3 class=\"elementor-post__title\">\n\t\t\t<a href=\"https:\/\/www.ifh.cv\/?empreendimentos=vila-acacia\" >\n\t\t\t\tVila Ac\u00e1cia\t\t\t<\/a>\n\t\t<\/h3>\n\t\t\t\t<\/div>\n\t\t\t\t\t<\/div>\n\t\t<\/article>\n\t\t\t\t<\/div>\n\n\n\t\t\n\t\t\t\t<\/div>\n\t\t\t\t<\/div>\n\t\t\t\t\t<\/div>\n\t\t<\/div>\n\t\t\t\t\t<\/div>\n\t\t<\/section>\n\t\t\t\t<\/div>\n\t\t","protected":false},"excerpt":{"rendered":"<p>Apartamentos<\/p>\n","protected":false},"author":1,"featured_media":0,"parent":0,"menu_order":0,"comment_status":"closed","ping_status":"closed","template":"","meta":{"content-type":"","_exactmetrics_skip_tracking":false,"_exactmetrics_sitenote_active":false,"_exactmetrics_sitenote_note":"","_exactmetrics_sitenote_category":0,"site-sidebar-layout":"no-sidebar","site-content-layout":"page-builder","ast-site-content-layout":"default","site-content-style":"default","site-sidebar-style":"default","ast-global-header-display":"","ast-banner-title-visibility":"","ast-main-header-display":"","ast-hfb-above-header-display":"","ast-hfb-below-header-display":"","ast-hfb-mobile-header-display":"","site-post-title":"disabled","ast-breadcrumbs-content":"","ast-featured-img":"disabled","footer-sml-layout":"","ast-disable-related-posts":"","theme-transparent-header-meta":"default","adv-header-id-meta":"","stick-header-meta":"","header-above-stick-meta":"","header-main-stick-meta":"","header-below-stick-meta":"","astra-migrate-meta-layouts":"default","ast-page-background-enabled":"default","ast-page-background-meta":{"desktop":{"background-color":"","background-image":"","background-repeat":"repeat","background-position":"center center","background-size":"auto","background-attachment":"scroll","background-type":"","background-media":"","overlay-type":"","overlay-color":"","overlay-opacity":"","overlay-gradient":""},"tablet":{"background-color":"","background-image":"","background-repeat":"repeat","background-position":"center center","background-size":"auto","background-attachment":"scroll","background-type":"","background-media":"","overlay-type":"","overlay-color":"","overlay-opacity":"","overlay-gradient":""},"mobile":{"background-color":"","background-image":"","background-repeat":"repeat","background-position":"center center","background-size":"auto","background-attachment":"scroll","background-type":"","background-media":"","overlay-type":"","overlay-color":"","overlay-opacity":"","overlay-gradient":""}},"ast-content-background-meta":{"desktop":{"background-color":"var(--ast-global-color-5)","background-image":"","background-repeat":"repeat","background-position":"center center","background-size":"auto","background-attachment":"scroll","background-type":"","background-media":"","overlay-type":"","overlay-color":"","overlay-opacity":"","overlay-gradient":""},"tablet":{"background-color":"var(--ast-global-color-5)","background-image":"","background-repeat":"repeat","background-position":"center center","background-size":"auto","background-attachment":"scroll","background-type":"","background-media":"","overlay-type":"","overlay-color":"","overlay-opacity":"","overlay-gradient":""},"mobile":{"background-color":"var(--ast-global-color-5)","background-image":"","background-repeat":"repeat","background-position":"center center","background-size":"auto","background-attachment":"scroll","background-type":"","background-media":"","overlay-type":"","overlay-color":"","overlay-opacity":"","overlay-gradient":""}},"footnotes":""},"_links":{"self":[{"href":"https:\/\/www.ifh.cv\/index.php?rest_route=\/wp\/v2\/pages\/2651"}],"collection":[{"href":"https:\/\/www.ifh.cv\/index.php?rest_route=\/wp\/v2\/pages"}],"about":[{"href":"https:\/\/www.ifh.cv\/index.php?rest_route=\/wp\/v2\/types\/page"}],"author":[{"embeddable":true,"href":"https:\/\/www.ifh.cv\/index.php?rest_route=\/wp\/v2\/users\/1"}],"replies":[{"embeddable":true,"href":"https:\/\/www.ifh.cv\/index.php?rest_route=%2Fwp%2Fv2%2Fcomments&post=2651"}],"version-history":[{"count":1,"href":"https:\/\/www.ifh.cv\/index.php?rest_route=\/wp\/v2\/pages\/2651\/revisions"}],"predecessor-version":[{"id":8811,"href":"https:\/\/www.ifh.cv\/index.php?rest_route=\/wp\/v2\/pages\/2651\/revisions\/8811"}],"wp:attachment":[{"href":"https:\/\/www.ifh.cv\/index.php?rest_route=%2Fwp%2Fv2%2Fmedia&parent=2651"}],"curies":[{"name":"wp","href":"https:\/\/api.w.org\/{rel}","templated":true}]}}