{"id":10726,"date":"2025-12-17T10:29:18","date_gmt":"2025-12-17T11:29:18","guid":{"rendered":"https:\/\/www.ifh.cv\/?page_id=10726"},"modified":"2025-12-17T11:14:21","modified_gmt":"2025-12-17T12:14:21","slug":"podcast","status":"publish","type":"page","link":"https:\/\/www.ifh.cv\/?page_id=10726","title":{"rendered":"Podcast"},"content":{"rendered":"\t\t<div data-elementor-type=\"wp-page\" data-elementor-id=\"10726\" class=\"elementor elementor-10726\">\n\t\t\t\t\t\t<section class=\"elementor-section elementor-top-section elementor-element elementor-element-e8fb10c elementor-section-boxed elementor-section-height-default elementor-section-height-default\" data-id=\"e8fb10c\" data-element_type=\"section\" data-settings=\"{&quot;jet_parallax_layout_list&quot;:[]}\">\n\t\t\t\t\t\t<div class=\"elementor-container elementor-column-gap-default\">\n\t\t\t\t\t<div class=\"elementor-column elementor-col-100 elementor-top-column elementor-element elementor-element-05c18db\" data-id=\"05c18db\" data-element_type=\"column\">\n\t\t\t<div class=\"elementor-widget-wrap elementor-element-populated\">\n\t\t\t\t\t\t<div class=\"elementor-element elementor-element-629196e elementor-widget elementor-widget-heading\" data-id=\"629196e\" data-element_type=\"widget\" data-widget_type=\"heading.default\">\n\t\t\t\t<div class=\"elementor-widget-container\">\n\t\t\t<h2 class=\"elementor-heading-title elementor-size-default\">PodIFH<\/h2>\t\t<\/div>\n\t\t\t\t<\/div>\n\t\t\t\t\t<\/div>\n\t\t<\/div>\n\t\t\t\t\t<\/div>\n\t\t<\/section>\n\t\t\t\t<section class=\"elementor-section elementor-top-section elementor-element elementor-element-a899253 elementor-section-boxed elementor-section-height-default elementor-section-height-default\" data-id=\"a899253\" data-element_type=\"section\" data-settings=\"{&quot;jet_parallax_layout_list&quot;:[]}\">\n\t\t\t\t\t\t<div class=\"elementor-container elementor-column-gap-default\">\n\t\t\t\t\t<div class=\"elementor-column elementor-col-100 elementor-top-column elementor-element elementor-element-a62ce1b\" data-id=\"a62ce1b\" data-element_type=\"column\">\n\t\t\t<div class=\"elementor-widget-wrap elementor-element-populated\">\n\t\t\t\t\t\t<div class=\"elementor-element elementor-element-24f771a elementor-grid-4 elementor-grid-tablet-2 elementor-grid-mobile-1 elementor-posts--thumbnail-top elementor-widget elementor-widget-posts\" data-id=\"24f771a\" data-element_type=\"widget\" data-settings=\"{&quot;classic_columns&quot;:&quot;4&quot;,&quot;classic_columns_tablet&quot;:&quot;2&quot;,&quot;classic_columns_mobile&quot;:&quot;1&quot;,&quot;classic_row_gap&quot;:{&quot;unit&quot;:&quot;px&quot;,&quot;size&quot;:35,&quot;sizes&quot;:[]},&quot;classic_row_gap_tablet&quot;:{&quot;unit&quot;:&quot;px&quot;,&quot;size&quot;:&quot;&quot;,&quot;sizes&quot;:[]},&quot;classic_row_gap_mobile&quot;:{&quot;unit&quot;:&quot;px&quot;,&quot;size&quot;:&quot;&quot;,&quot;sizes&quot;:[]}}\" data-widget_type=\"posts.classic\">\n\t\t\t\t<div class=\"elementor-widget-container\">\n\t\t\t\t\t<div class=\"elementor-posts-container elementor-posts elementor-posts--skin-classic elementor-grid\">\n\t\t\t\t<article class=\"elementor-post elementor-grid-item post-6631 post type-post status-publish format-standard has-post-thumbnail hentry category-podcast\">\n\t\t\t\t<a class=\"elementor-post__thumbnail__link\" href=\"https:\/\/www.ifh.cv\/?p=6631\" >\n\t\t\t<div class=\"elementor-post__thumbnail\"><img fetchpriority=\"high\" decoding=\"async\" width=\"300\" height=\"300\" src=\"https:\/\/www.ifh.cv\/wp-content\/uploads\/2023\/11\/Convidados-Dra.-Elsa-Moreno-300x300.png\" class=\"attachment-medium size-medium wp-image-6632\" alt=\"\" srcset=\"https:\/\/www.ifh.cv\/wp-content\/uploads\/2023\/11\/Convidados-Dra.-Elsa-Moreno-300x300.png 300w, https:\/\/www.ifh.cv\/wp-content\/uploads\/2023\/11\/Convidados-Dra.-Elsa-Moreno-1024x1024.png 1024w, https:\/\/www.ifh.cv\/wp-content\/uploads\/2023\/11\/Convidados-Dra.-Elsa-Moreno-150x150.png 150w, https:\/\/www.ifh.cv\/wp-content\/uploads\/2023\/11\/Convidados-Dra.-Elsa-Moreno-768x768.png 768w, https:\/\/www.ifh.cv\/wp-content\/uploads\/2023\/11\/Convidados-Dra.-Elsa-Moreno.png 1080w\" sizes=\"(max-width: 300px) 100vw, 300px\" \/><\/div>\n\t\t<\/a>\n\t\t\t\t<div class=\"elementor-post__text\">\n\t\t\t\t<h3 class=\"elementor-post__title\">\n\t\t\t<a href=\"https:\/\/www.ifh.cv\/?p=6631\" >\n\t\t\t\t\ud835\udc08\ud835\udc26\ud835\udc29\ud835\udc28\ud835\udc2b\ud835\udc2d\u00e2\ud835\udc27\ud835\udc1c\ud835\udc22\ud835\udc1a \ud835\udc1d\ud835\udc1a \ud835\udc04\ud835\udc2c\ud835\udc1c\ud835\udc2b\ud835\udc22\ud835\udc2d\ud835\udc2e\ud835\udc2b\ud835\udc1a, \ud835\udc11\ud835\udc1e\ud835\udc20\ud835\udc22\ud835\udc2c\ud835\udc2d\ud835\udc28 \ud835\udc0f\ud835\udc2b\ud835\udc1e\ud835\udc1d\ud835\udc22\ud835\udc1a\ud835\udc25, \ud835\udc0c\ud835\udc1a\ud835\udc2d\ud835\udc2b\ud835\udc22\ud835\udc1c\ud835\udc22\ud835\udc1a\ud835\udc25 \ud835\udc1e \ud835\udc08\ud835\udc14\ud835\udc0f \ud835\udc27\ud835\udc28 \ud835\udc29\ud835\udc2b\ud835\udc28\ud835\udc1c\ud835\udc1e\ud835\udc2c\ud835\udc2c\ud835\udc28 \ud835\udc1d\ud835\udc1e \ud835\udc1c\ud835\udc28\ud835\udc26\ud835\udc29\ud835\udc2b\ud835\udc1a \ud835\udc1e \ud835\udc2f\ud835\udc1e\ud835\udc27\ud835\udc1d\ud835\udc1a \ud835\udc1d\ud835\udc1e \ud835\udc22\ud835\udc26\u00f3\ud835\udc2f\ud835\udc1e\ud835\udc22\ud835\udc2c.\t\t\t<\/a>\n\t\t<\/h3>\n\t\t\t\t<div class=\"elementor-post__meta-data\">\n\t\t\t\t\t<span class=\"elementor-post-date\">\n\t\t\t2 de November, 2023\t\t<\/span>\n\t\t\t\t<span class=\"elementor-post-avatar\">\n\t\t\tNo Comments\t\t<\/span>\n\t\t\t\t<\/div>\n\t\t\t\t<div class=\"elementor-post__excerpt\">\n\t\t\t<p>Saiba mais sobre este tema, no 4\u00ba PodIFH, com a Dra. Elsa Moreno, nossa Coordenadora do Gabinete Jur\u00eddico. \u00a0 #podifh #ifhcv #40anosifh #cidades #habitac\u00e3o #immobilier<\/p>\n\t\t<\/div>\n\t\t\t\t<\/div>\n\t\t\t\t<\/article>\n\t\t\t\t<article class=\"elementor-post elementor-grid-item post-6511 post type-post status-publish format-standard has-post-thumbnail hentry category-podcast\">\n\t\t\t\t<a class=\"elementor-post__thumbnail__link\" href=\"https:\/\/www.ifh.cv\/?p=6511\" >\n\t\t\t<div class=\"elementor-post__thumbnail\"><img decoding=\"async\" width=\"300\" height=\"300\" src=\"https:\/\/www.ifh.cv\/wp-content\/uploads\/2023\/07\/Convidados-Arq.-Hermano-Lopes-da-Silva-300x300.png\" class=\"attachment-medium size-medium wp-image-6506\" alt=\"\" srcset=\"https:\/\/www.ifh.cv\/wp-content\/uploads\/2023\/07\/Convidados-Arq.-Hermano-Lopes-da-Silva-300x300.png 300w, https:\/\/www.ifh.cv\/wp-content\/uploads\/2023\/07\/Convidados-Arq.-Hermano-Lopes-da-Silva-1024x1024.png 1024w, https:\/\/www.ifh.cv\/wp-content\/uploads\/2023\/07\/Convidados-Arq.-Hermano-Lopes-da-Silva-150x150.png 150w, https:\/\/www.ifh.cv\/wp-content\/uploads\/2023\/07\/Convidados-Arq.-Hermano-Lopes-da-Silva-768x768.png 768w, https:\/\/www.ifh.cv\/wp-content\/uploads\/2023\/07\/Convidados-Arq.-Hermano-Lopes-da-Silva.png 1080w\" sizes=\"(max-width: 300px) 100vw, 300px\" \/><\/div>\n\t\t<\/a>\n\t\t\t\t<div class=\"elementor-post__text\">\n\t\t\t\t<h3 class=\"elementor-post__title\">\n\t\t\t<a href=\"https:\/\/www.ifh.cv\/?p=6511\" >\n\t\t\t\t\ud835\udc08\ud835\udc26\ud835\udc29\ud835\udc28\ud835\udc2b\ud835\udc2d\u00e2\ud835\udc27\ud835\udc1c\ud835\udc22\ud835\udc1a \ud835\udc1d\ud835\udc1e \ud835\udc1e\ud835\udc2c\ud835\udc29\ud835\udc1a\u00e7\ud835\udc28\ud835\udc2c \ud835\udc2f\ud835\udc1e\ud835\udc2b\ud835\udc1d\ud835\udc1e\ud835\udc2c \ud835\udc1e \ud835\udc1d\ud835\udc1e \ud835\udc2b\ud835\udc1e\ud835\udc1c\ud835\udc2b\ud835\udc1e\ud835\udc1a\u00e7\u00e3\ud835\udc28\t\t\t<\/a>\n\t\t<\/h3>\n\t\t\t\t<div class=\"elementor-post__meta-data\">\n\t\t\t\t\t<span class=\"elementor-post-date\">\n\t\t\t3 de July, 2023\t\t<\/span>\n\t\t\t\t<span class=\"elementor-post-avatar\">\n\t\t\tNo Comments\t\t<\/span>\n\t\t\t\t<\/div>\n\t\t\t\t<div class=\"elementor-post__excerpt\">\n\t\t\t<p>Acompanhe o 3\u00ba PodIFH, sobre o tema Import\u00e2ncia dos espa\u00e7os verdes e de recrea\u00e7\u00e3o nos espa\u00e7os urbanos, com o nosso Arquiteto Hermano Lopes da Silva.<\/p>\n\t\t<\/div>\n\t\t\t\t<\/div>\n\t\t\t\t<\/article>\n\t\t\t\t<article class=\"elementor-post elementor-grid-item post-6500 post type-post status-publish format-standard has-post-thumbnail hentry category-podcast\">\n\t\t\t\t<a class=\"elementor-post__thumbnail__link\" href=\"https:\/\/www.ifh.cv\/?p=6500\" >\n\t\t\t<div class=\"elementor-post__thumbnail\"><img decoding=\"async\" width=\"300\" height=\"300\" src=\"https:\/\/www.ifh.cv\/wp-content\/uploads\/2023\/07\/Convidados-Arq.-Helder-Paz-Monteiro-2-300x300.png\" class=\"attachment-medium size-medium wp-image-6502\" alt=\"\" srcset=\"https:\/\/www.ifh.cv\/wp-content\/uploads\/2023\/07\/Convidados-Arq.-Helder-Paz-Monteiro-2-300x300.png 300w, https:\/\/www.ifh.cv\/wp-content\/uploads\/2023\/07\/Convidados-Arq.-Helder-Paz-Monteiro-2-1024x1024.png 1024w, https:\/\/www.ifh.cv\/wp-content\/uploads\/2023\/07\/Convidados-Arq.-Helder-Paz-Monteiro-2-150x150.png 150w, https:\/\/www.ifh.cv\/wp-content\/uploads\/2023\/07\/Convidados-Arq.-Helder-Paz-Monteiro-2-768x768.png 768w, https:\/\/www.ifh.cv\/wp-content\/uploads\/2023\/07\/Convidados-Arq.-Helder-Paz-Monteiro-2.png 1080w\" sizes=\"(max-width: 300px) 100vw, 300px\" \/><\/div>\n\t\t<\/a>\n\t\t\t\t<div class=\"elementor-post__text\">\n\t\t\t\t<h3 class=\"elementor-post__title\">\n\t\t\t<a href=\"https:\/\/www.ifh.cv\/?p=6500\" >\n\t\t\t\t\ud835\udc0f\ud835\udc25\ud835\udc1a\ud835\udc27\ud835\udc1e\ud835\udc1a\ud835\udc26\ud835\udc1e\ud835\udc27\ud835\udc2d\ud835\udc28 \ud835\udc14\ud835\udc2b\ud835\udc1b\ud835\udc1a\ud835\udc27\ud835\udc28\t\t\t<\/a>\n\t\t<\/h3>\n\t\t\t\t<div class=\"elementor-post__meta-data\">\n\t\t\t\t\t<span class=\"elementor-post-date\">\n\t\t\t7 de June, 2023\t\t<\/span>\n\t\t\t\t<span class=\"elementor-post-avatar\">\n\t\t\tNo Comments\t\t<\/span>\n\t\t\t\t<\/div>\n\t\t\t\t<div class=\"elementor-post__excerpt\">\n\t\t\t<p>\u201cMorar em uma cidade planeada \u00e9 estar um passo \u00e0 frente do seu tempo\u201d. No 2\u00ba PodIFH, o nosso Arquiteto e Urbanista H\u00e9lder Paz Monteiro,<\/p>\n\t\t<\/div>\n\t\t\t\t<\/div>\n\t\t\t\t<\/article>\n\t\t\t\t<article class=\"elementor-post elementor-grid-item post-10741 post type-post status-publish format-standard has-post-thumbnail hentry category-podcast\">\n\t\t\t\t<a class=\"elementor-post__thumbnail__link\" href=\"https:\/\/www.ifh.cv\/?p=10741\" >\n\t\t\t<div class=\"elementor-post__thumbnail\"><img loading=\"lazy\" decoding=\"async\" width=\"300\" height=\"300\" src=\"https:\/\/www.ifh.cv\/wp-content\/uploads\/2021\/12\/Convidados-Dra-300x300.png\" class=\"attachment-medium size-medium wp-image-10791\" alt=\"\" srcset=\"https:\/\/www.ifh.cv\/wp-content\/uploads\/2021\/12\/Convidados-Dra-300x300.png 300w, https:\/\/www.ifh.cv\/wp-content\/uploads\/2021\/12\/Convidados-Dra-1024x1024.png 1024w, https:\/\/www.ifh.cv\/wp-content\/uploads\/2021\/12\/Convidados-Dra-150x150.png 150w, https:\/\/www.ifh.cv\/wp-content\/uploads\/2021\/12\/Convidados-Dra-768x768.png 768w, https:\/\/www.ifh.cv\/wp-content\/uploads\/2021\/12\/Convidados-Dra-1536x1536.png 1536w, https:\/\/www.ifh.cv\/wp-content\/uploads\/2021\/12\/Convidados-Dra.png 2000w\" sizes=\"(max-width: 300px) 100vw, 300px\" \/><\/div>\n\t\t<\/a>\n\t\t\t\t<div class=\"elementor-post__text\">\n\t\t\t\t<h3 class=\"elementor-post__title\">\n\t\t\t<a href=\"https:\/\/www.ifh.cv\/?p=10741\" >\n\t\t\t\t\ud835\udc07\ud835\udc1a\ud835\udc1b\ud835\udc22\ud835\udc2d\ud835\udc1a\u00e7\u00e3\ud835\udc28 \ud835\udc1e \ud835\udc2c\ud835\udc2e\ud835\udc1b\ud835\udc2c\ud835\udc22\ud835\udc1d\ud835\udc22\ud835\udc1a\u00e7\u00e3\ud835\udc28 \ud835\udc1d\ud835\udc1e \ud835\udc21\ud835\udc1a\ud835\udc1b\ud835\udc22\ud835\udc2d\ud835\udc1a\u00e7\u00f5\ud835\udc1e\ud835\udc2c\t\t\t<\/a>\n\t\t<\/h3>\n\t\t\t\t<div class=\"elementor-post__meta-data\">\n\t\t\t\t\t<span class=\"elementor-post-date\">\n\t\t\t8 de December, 2021\t\t<\/span>\n\t\t\t\t<span class=\"elementor-post-avatar\">\n\t\t\tNo Comments\t\t<\/span>\n\t\t\t\t<\/div>\n\t\t\t\t<div class=\"elementor-post__excerpt\">\n\t\t\t<p>Neste 1\u00ba podcast ouvimos a nossa Diretora Comercial, Dra. Valentina Oliveira, que nos fala sobre Casa pr\u00f3pria, Subsidia\u00e7\u00e3o de Habita\u00e7\u00f5es e a IFH. Acompanhe. #podifh\u00a0#ifhcv\u00a0#40anosifh\u00a0#cidades\u00a0#habitac\u00e3o\u00a0#immobilier\u00a0#realestate\u00a0#caboverde\u00a0#ordenamentodoterritorio<\/p>\n\t\t<\/div>\n\t\t\t\t<\/div>\n\t\t\t\t<\/article>\n\t\t\t\t<\/div>\n\n\n\t\t\n\t\t\t\t<\/div>\n\t\t\t\t<\/div>\n\t\t\t\t\t<\/div>\n\t\t<\/div>\n\t\t\t\t\t<\/div>\n\t\t<\/section>\n\t\t\t\t<\/div>\n\t\t","protected":false},"excerpt":{"rendered":"<p>PodIFH<\/p>\n","protected":false},"author":2,"featured_media":0,"parent":0,"menu_order":0,"comment_status":"closed","ping_status":"closed","template":"","meta":{"content-type":"","_exactmetrics_skip_tracking":false,"_exactmetrics_sitenote_active":false,"_exactmetrics_sitenote_note":"","_exactmetrics_sitenote_category":0,"site-sidebar-layout":"no-sidebar","site-content-layout":"page-builder","ast-site-content-layout":"full-width-container","site-content-style":"unboxed","site-sidebar-style":"unboxed","ast-global-header-display":"","ast-banner-title-visibility":"","ast-main-header-display":"","ast-hfb-above-header-display":"","ast-hfb-below-header-display":"","ast-hfb-mobile-header-display":"","site-post-title":"disabled","ast-breadcrumbs-content":"","ast-featured-img":"disabled","footer-sml-layout":"","ast-disable-related-posts":"","theme-transparent-header-meta":"default","adv-header-id-meta":"","stick-header-meta":"","header-above-stick-meta":"","header-main-stick-meta":"","header-below-stick-meta":"","astra-migrate-meta-layouts":"set","ast-page-background-enabled":"default","ast-page-background-meta":{"desktop":{"background-color":"","background-image":"","background-repeat":"repeat","background-position":"center center","background-size":"auto","background-attachment":"scroll","background-type":"","background-media":"","overlay-type":"","overlay-color":"","overlay-opacity":"","overlay-gradient":""},"tablet":{"background-color":"","background-image":"","background-repeat":"repeat","background-position":"center center","background-size":"auto","background-attachment":"scroll","background-type":"","background-media":"","overlay-type":"","overlay-color":"","overlay-opacity":"","overlay-gradient":""},"mobile":{"background-color":"","background-image":"","background-repeat":"repeat","background-position":"center center","background-size":"auto","background-attachment":"scroll","background-type":"","background-media":"","overlay-type":"","overlay-color":"","overlay-opacity":"","overlay-gradient":""}},"ast-content-background-meta":{"desktop":{"background-color":"var(--ast-global-color-5)","background-image":"","background-repeat":"repeat","background-position":"center center","background-size":"auto","background-attachment":"scroll","background-type":"","background-media":"","overlay-type":"","overlay-color":"","overlay-opacity":"","overlay-gradient":""},"tablet":{"background-color":"var(--ast-global-color-5)","background-image":"","background-repeat":"repeat","background-position":"center center","background-size":"auto","background-attachment":"scroll","background-type":"","background-media":"","overlay-type":"","overlay-color":"","overlay-opacity":"","overlay-gradient":""},"mobile":{"background-color":"var(--ast-global-color-5)","background-image":"","background-repeat":"repeat","background-position":"center center","background-size":"auto","background-attachment":"scroll","background-type":"","background-media":"","overlay-type":"","overlay-color":"","overlay-opacity":"","overlay-gradient":""}},"footnotes":""},"_links":{"self":[{"href":"https:\/\/www.ifh.cv\/index.php?rest_route=\/wp\/v2\/pages\/10726"}],"collection":[{"href":"https:\/\/www.ifh.cv\/index.php?rest_route=\/wp\/v2\/pages"}],"about":[{"href":"https:\/\/www.ifh.cv\/index.php?rest_route=\/wp\/v2\/types\/page"}],"author":[{"embeddable":true,"href":"https:\/\/www.ifh.cv\/index.php?rest_route=\/wp\/v2\/users\/2"}],"replies":[{"embeddable":true,"href":"https:\/\/www.ifh.cv\/index.php?rest_route=%2Fwp%2Fv2%2Fcomments&post=10726"}],"version-history":[{"count":16,"href":"https:\/\/www.ifh.cv\/index.php?rest_route=\/wp\/v2\/pages\/10726\/revisions"}],"predecessor-version":[{"id":10747,"href":"https:\/\/www.ifh.cv\/index.php?rest_route=\/wp\/v2\/pages\/10726\/revisions\/10747"}],"wp:attachment":[{"href":"https:\/\/www.ifh.cv\/index.php?rest_route=%2Fwp%2Fv2%2Fmedia&parent=10726"}],"curies":[{"name":"wp","href":"https:\/\/api.w.org\/{rel}","templated":true}]}}